{"id":1218,"date":"2024-10-24T13:11:22","date_gmt":"2024-10-24T13:11:22","guid":{"rendered":"https:\/\/0708.uno\/?page_id=1218"},"modified":"2024-10-24T13:36:53","modified_gmt":"2024-10-24T13:36:53","slug":"protezione-dei-dati","status":"publish","type":"page","link":"https:\/\/0708.uno\/it\/protezione-dei-dati\/","title":{"rendered":"Protezione dei dati"},"content":{"rendered":"\t\t<div data-elementor-type=\"wp-page\" data-elementor-id=\"1218\" class=\"elementor elementor-1218\" data-elementor-post-type=\"page\">\n\t\t\t\t<div class=\"elementor-element elementor-element-af58b0b e-flex e-con-boxed e-con e-parent\" data-id=\"af58b0b\" data-element_type=\"container\" data-e-type=\"container\">\n\t\t\t\t\t<div class=\"e-con-inner\">\n\t\t\t\t<div class=\"elementor-element elementor-element-6fa0692 elementor-widget elementor-widget-heading\" data-id=\"6fa0692\" data-element_type=\"widget\" data-e-type=\"widget\" data-widget_type=\"heading.default\">\n\t\t\t\t<div class=\"elementor-widget-container\">\n\t\t\t\t\t<h1 class=\"elementor-heading-title elementor-size-default\">Protezione dei dati<\/h1>\t\t\t\t<\/div>\n\t\t\t\t<\/div>\n\t\t\t\t<div class=\"elementor-element elementor-element-a0325dc elementor-widget elementor-widget-heading\" data-id=\"a0325dc\" data-element_type=\"widget\" data-e-type=\"widget\" data-widget_type=\"heading.default\">\n\t\t\t\t<div class=\"elementor-widget-container\">\n\t\t\t\t\t<h3 class=\"elementor-heading-title elementor-size-default\">Dichiarazione di non responsabilit\u00e0<\/h3>\t\t\t\t<\/div>\n\t\t\t\t<\/div>\n\t\t\t\t\t<\/div>\n\t\t\t\t<\/div>\n\t\t<div class=\"elementor-element elementor-element-dfbb18c e-flex e-con-boxed e-con e-parent\" data-id=\"dfbb18c\" data-element_type=\"container\" data-e-type=\"container\">\n\t\t\t\t\t<div class=\"e-con-inner\">\n\t\t\t\t<div class=\"elementor-element elementor-element-f8a66ae elementor-widget elementor-widget-text-editor\" data-id=\"f8a66ae\" data-element_type=\"widget\" data-e-type=\"widget\" data-widget_type=\"text-editor.default\">\n\t\t\t\t<div class=\"elementor-widget-container\">\n\t\t\t\t\t\t\t\t\t<p><strong>1. Responsabilit\u00e0 per i contenuti<\/strong><\/p><p>I gestori del sito si impegnano a creare i contenuti delle nostre pagine con la massima cura e a renderli sempre attuali e corretti. Tuttavia, non forniamo alcuna garanzia per l&#8217;attualit\u00e0, la correttezza, la completezza o la qualit\u00e0 delle informazioni fornite. Le richieste di risarcimento danni nei confronti dei gestori del sito, relative a danni materiali o morali derivanti dall&#8217;uso o dal mancato uso delle informazioni offerte o dall&#8217;uso di informazioni errate o incomplete, sono escluse, a meno che non vi sia una comprovata colpa intenzionale o grave negligenza da parte nostra. Tutte le offerte sono non vincolanti e soggette a modifiche. Ci riserviamo espressamente il diritto di modificare, integrare o eliminare parti delle pagine o l&#8217;intera offerta senza preavviso, o di interrompere la pubblicazione temporaneamente o definitivamente.<\/p><p>\u00a0<\/p><p><strong>2. Responsabilit\u00e0 per i link<\/strong><\/p><p>Se ci sono riferimenti diretti o indiretti a collegamenti (&#8220;link&#8221;) che si trovano al di fuori della responsabilit\u00e0 dei gestori del sito, saremo responsabili solo nel caso in cui fossimo a conoscenza dei contenuti e fosse tecnicamente possibile e ragionevole impedirne l&#8217;uso in caso di contenuti illegali. Per tutti i contenuti oltre a quelli collegati e, in particolare, per i danni derivanti dall&#8217;uso o dal mancato uso di tali informazioni, \u00e8 responsabile esclusivamente il fornitore di tali pagine, non chi si limita a fare riferimento tramite link.<\/p><p>\u00a0<\/p><p><strong>3. Informazione sulla risoluzione delle controversie per i consumatori<\/strong><\/p><p>I gestori del sito non sono n\u00e9 disposti n\u00e9 obbligati a partecipare a procedure di risoluzione delle controversie davanti a un organismo di conciliazione per i consumatori. La Commissione Europea fornisce una piattaforma per la risoluzione delle controversie online (ODR), che \u00e8 disponibile su webgate.ec.europa.eu.<\/p><p>\u00a0<\/p><p><strong>4. Copyright<\/strong><\/p><p>I gestori del sito si impegnano a rispettare i diritti d&#8217;autore delle immagini, dei suoni e dei testi utilizzati in tutte le pubblicazioni, a utilizzare immagini, suoni e testi creati da noi stessi o a fare affidamento su immagini, suoni e testi senza diritti d&#8217;autore. Se, nonostante ci\u00f2, su queste pagine si trovasse un&#8217;immagine, un suono o un testo protetto da copyright ma non contrassegnato, non \u00e8 stato possibile identificare il copyright da parte nostra. In caso di violazione accidentale del copyright, i gestori del sito rimuoveranno l&#8217;oggetto in questione dalla loro pubblicazione o lo contrassegneranno con il copyright corretto dopo la notifica. Il copyright per gli oggetti pubblicati e creati da noi rimane esclusivamente dei gestori del sito. La duplicazione o l&#8217;uso di tali immagini, suoni o testi in altre pubblicazioni elettroniche o stampate non \u00e8 consentito senza il nostro esplicito consenso.<\/p><p>\u00a0<\/p><p><strong>5. Validit\u00e0 legale di questo disclaimer<\/strong><\/p><p>Questo disclaimer deve essere considerato parte dell&#8217;offerta Internet da cui si \u00e8 fatto riferimento a questa pagina. Se parti o singole formulazioni di questo testo non dovessero corrispondere, non dovessero pi\u00f9 corrispondere o non dovessero completamente corrispondere alla legislazione vigente, le parti restanti del documento rimangono inalterate nel loro contenuto e validit\u00e0.<\/p><p>\u00a0<\/p><p><\/p>\t\t\t\t\t\t\t\t<\/div>\n\t\t\t\t<\/div>\n\t\t\t\t<div class=\"elementor-element elementor-element-23a87e3 elementor-widget elementor-widget-heading\" data-id=\"23a87e3\" data-element_type=\"widget\" data-e-type=\"widget\" data-widget_type=\"heading.default\">\n\t\t\t\t<div class=\"elementor-widget-container\">\n\t\t\t\t\t<h3 class=\"elementor-heading-title elementor-size-default\">Informativa sulla protezione dei dati personali<\/h3>\t\t\t\t<\/div>\n\t\t\t\t<\/div>\n\t\t\t\t\t<\/div>\n\t\t\t\t<\/div>\n\t\t<div class=\"elementor-element elementor-element-f7ebcf3 e-flex e-con-boxed e-con e-parent\" data-id=\"f7ebcf3\" data-element_type=\"container\" data-e-type=\"container\">\n\t\t\t\t\t<div class=\"e-con-inner\">\n\t\t\t\t<div class=\"elementor-element elementor-element-a171e68 elementor-widget elementor-widget-text-editor\" data-id=\"a171e68\" data-element_type=\"widget\" data-e-type=\"widget\" data-widget_type=\"text-editor.default\">\n\t\t\t\t<div class=\"elementor-widget-container\">\n\t\t\t\t\t\t\t\t\t<p>I tuoi dati sono un bene prezioso. Pertanto, li trattiamo con cura e memorizziamo solo le informazioni rilevanti e giustificate per noi. Hai il diritto di accesso, rettifica, cancellazione, limitazione, portabilit\u00e0 dei dati e opposizione.<\/p><p>Se ritieni che il trattamento dei tuoi dati da parte di 0708.uno violi la normativa sulla protezione dei dati o che i tuoi diritti siano stati altrimenti lesi, puoi presentare un reclamo all&#8217;autorit\u00e0 di controllo. In Austria, l&#8217;autorit\u00e0 competente \u00e8 la <strong>Datenschutzbeh\u00f6rde<\/strong>. Se trattiamo i tuoi dati sulla base del tuo consenso (ad esempio, nel caso di conservazione per opportunit\u00e0 lavorative future), puoi revocare il tuo consenso in qualsiasi momento inviandoci una semplice email. Il trattamento dei dati fino al momento della revoca rimarr\u00e0 legittimo.<\/p><p>\u00a0<\/p><p><strong>1. Raccolta dei dati<\/strong><\/p><p>Quando accedi al nostro sito web, raccogliamo automaticamente dati di carattere generale. Questi dati (i file di log del server) comprendono, ad esempio, il tipo di browser, il nome del dominio del tuo provider Internet e altri dati simili. Questi dati sono utilizzati per visualizzare correttamente il sito web e vengono raccolti ogni volta che utilizzi Internet. I dati vengono analizzati statisticamente per migliorare il nostro servizio per te.<\/p><p>Questi sono i dati personali che trattiamo:<\/p><ul><li>Cookie<\/li><li>Dati di contatto per scopi commerciali<\/li><li>File di log del server<\/li><\/ul><p>\u00a0<\/p><p><strong>2.Cookie<\/strong><\/p><p>Il nostro sito web utilizza i &#8220;cookie&#8221;. I cookie sono file di testo che vengono trasferiti dal server di un sito web al tuo computer. Vengono trasmessi determinati dati come l&#8217;indirizzo IP, il browser e la connessione Internet. I cookie non avviano programmi n\u00e9 trasmettono virus. Le informazioni raccolte tramite i cookie sono utilizzate per facilitare la navigazione e ottimizzare la visualizzazione del nostro sito web. I dati raccolti da noi non saranno mai condivisi con terze parti senza il tuo consenso n\u00e9 saranno collegati a dati personali. Puoi impedire l&#8217;uso dei cookie tramite le impostazioni del tuo browser. Nelle istruzioni del tuo browser troverai informazioni su come modificare queste impostazioni. Alcune funzionalit\u00e0 del nostro sito web potrebbero non funzionare correttamente se i cookie sono disabilitati.<\/p><p>Istruzioni su come cancellare i cookie per i browser pi\u00f9 diffusi:<\/p><ul><li><strong>Google Chrome<\/strong><\/li><li><strong>Internet Explorer<\/strong><\/li><li><strong>Firefox<\/strong><\/li><li><strong>Safari<\/strong><\/li><\/ul><p>\u00a0<\/p><p><strong>BlOCCO DEI COOKIE<\/strong><\/p><p>Per impedire che i cookie vengano impostati da inserzionisti, puoi anche bloccare i cookie di terze parti nel tuo browser. Ecco alcune istruzioni per i browser pi\u00f9 diffusi:<\/p><ul><li><strong>Firefox<\/strong><\/li><li><strong>Chrome<\/strong><\/li><li><strong>Internet Explorer<\/strong><\/li><\/ul><p>In Safari di Apple, i cookie di terze parti sono bloccati per impostazione predefinita.<\/p><p>Istruzioni su come bloccare completamente o per specifici siti web i cookie nel tuo browser:<\/p><ul><li><strong>Firefox<\/strong><\/li><li><strong>Chrome<\/strong><\/li><li><strong>Internet Explorer<\/strong><\/li><li><strong>Safari<\/strong><\/li><\/ul><p>\u00a0<\/p><p>\u00a0<\/p><p>Importante: se elimini o blocchi i cookie, potresti non essere in grado di utilizzare tutte le funzionalit\u00e0 dei siti web (ad esempio, le impostazioni di preferenze e della lingua). Inoltre, il blocco completo dei cookie potrebbe far s\u00ec che il banner dei cookie appaia a ogni accesso al sito e non venga disabilitato neanche dopo aver cliccato su &#8220;Accetta&#8221;, poich\u00e9 il cookie necessario per farlo non pu\u00f2 essere impostato.<\/p><p>Sul nostro sito cbra.digital vengono utilizzate le seguenti applicazioni che usano i cookie:<\/p><p>\u00a0<\/p><p><strong>3.Google Analytics<\/strong><\/p><p>Questo sito web utilizza Google Analytics, un servizio di analisi web fornito da Google Inc. (&#8220;Google&#8221;). Google Analytics utilizza i cosiddetti &#8220;cookie&#8221;, file di testo che vengono memorizzati sul tuo computer e consentono di analizzare l&#8217;uso del sito web. Le informazioni generate dal cookie sull&#8217;utilizzo del sito web vengono generalmente trasmesse a un server di Google negli Stati Uniti e l\u00ec memorizzate.<\/p><p>\u00a0<\/p><p>In caso di attivazione dell&#8217;anonimizzazione dell&#8217;IP su questo sito web, il tuo indirizzo IP verr\u00e0 abbreviato da Google all&#8217;interno degli Stati membri dell&#8217;Unione Europea o in altri Stati contraenti dell&#8217;Accordo sullo Spazio Economico Europeo prima della trasmissione. Solo in casi eccezionali l&#8217;indirizzo IP completo verr\u00e0 trasmesso a un server di Google negli Stati Uniti e l\u00ec abbreviato. Su incarico del gestore di questo sito web, Google utilizzer\u00e0 queste informazioni per valutare l&#8217;utilizzo del sito, compilare report sulle attivit\u00e0 del sito e fornire altri servizi relativi all&#8217;utilizzo del sito e di Internet.<\/p><p>\u00a0<\/p><p>L&#8217;indirizzo IP trasmesso dal tuo browser nell&#8217;ambito di Google Analytics non sar\u00e0 combinato con altri dati di Google. Puoi impedire la memorizzazione dei cookie tramite una specifica impostazione del software del browser; tuttavia, tieni presente che in tal caso potresti non essere in grado di utilizzare tutte le funzionalit\u00e0 di questo sito web.<\/p><p>\u00a0<\/p><p>Puoi anche impedire a Google di raccogliere e trattare i dati generati dal cookie e relativi al tuo utilizzo del sito web (incluso il tuo indirizzo IP) scaricando e installando il plugin del browser disponibile al seguente link: <a href=\"http:\/\/tools.google.com\/dlpage\/gaoptout?hl=de**\">**http:\/\/tools.google.com\/dlpage\/gaoptout?hl=de**<\/a> Utilizzando questo sito web, acconsenti al trattamento dei tuoi dati da parte di Google nella modalit\u00e0 e per gli scopi descritti in precedenza.<\/p><p>\u00a0<\/p><p>Base giuridica: Interesse legittimo \u2013 L&#8217;analisi delle statistiche di visita del nostro sito web \u00e8 finalizzata a ottimizzare i nostri contenuti per i visitatori. Utilizziamo Google Analytics per misurare quali contenuti vengono visualizzati pi\u00f9 a lungo, da quali paesi e citt\u00e0 provengono gli utenti e con quali dispositivi e browser (ad esempio, iPhone, Android, Firefox, Chrome) accedono al sito. Queste informazioni sono preziose per noi, in quanto ci permettono di capire quali contenuti riscuotono successo e quali dispositivi e browser vengono preferiti per la navigazione del nostro sito.<\/p><p>Tempi di conservazione: I cookie impostati da Google Analytics sono generalmente conservati in modo permanente.<\/p><p>\u00a0<\/p><p>Destinatari: Le informazioni generate dal cookie sull&#8217;uso di questo sito web vengono solitamente trasmesse a un server di Google negli Stati Uniti e l\u00ec archiviate. Abbiamo attivato l&#8217;anonimizzazione dell&#8217;IP su Google Analytics. Pertanto, il tuo indirizzo IP verr\u00e0 abbreviato da Google prima della trasmissione all&#8217;interno degli Stati membri dell&#8217;Unione Europea o in altri Stati che hanno aderito all&#8217;Accordo sullo Spazio Economico Europeo. Solo in casi eccezionali l&#8217;indirizzo IP completo verr\u00e0 trasmesso a un server di Google negli Stati Uniti e l\u00ec abbreviato.<\/p><p>Per ulteriori informazioni sui termini di utilizzo e sulla protezione dei dati, visita **<a href=\"http:\/\/www.google.com\/analytics\/terms\/de.html**\">http:\/\/www.google.com\/analytics\/terms\/de.html**<\/a> oppure **<a href=\"http:\/\/www.google.com\/intl\/de\/analytics\/privacyoverview.html**\">http:\/\/www.google.com\/intl\/de\/analytics\/privacyoverview.html**<\/a>.<\/p><p>\u00a0<\/p><p><strong>5.WordPress<\/strong><\/p><p>Il nostro sistema di gestione dei contenuti utilizza i cosiddetti cookie di sessione, che vengono eliminati alla fine della sessione di navigazione. Questi cookie servono come memoria temporanea per consentire di navigare avanti e indietro tra le pagine.<\/p><p>Base giuridica: I cookie di sessione sono necessari per fornire il servizio (visita del sito web).<\/p><p>\u00a0<\/p><p>Tempi di conservazione: I cookie di sessione vengono impostati solo per la durata della visita al sito web e vengono eliminati alla fine della sessione del browser.<\/p><p>\u00a0<\/p><p>Destinatari: I cookie si trovano sul nostro server e possono essere visualizzati solo da noi. Terzi non hanno accesso ai cookie.<\/p><p>\u00a0<\/p><p>Possibilit\u00e0 di rinuncia: Se non vuoi accettare i cookie nel tuo browser, puoi eliminarli in qualsiasi momento e impedire l&#8217;impostazione di nuovi cookie direttamente tramite le impostazioni del browser.<\/p><p>\u00a0<\/p><p><strong>Hosting<\/strong><\/p><p>Per la fornitura del nostro sito web utilizziamo il seguente fornitore di hosting:<\/p><p>\u00a0<\/p><p>Ionos<\/p><p>\u00a0<\/p><p>DE \u2013 05410 Montabaur<\/p><p>\u00a0<\/p><p>Questo fornitore \u00e8 il destinatario dei tuoi dati personali ed \u00e8 un responsabile del trattamento per conto nostro. Questo corrisponde al nostro interesse legittimo ai sensi dell&#8217;art. 6 par. 1 lett. f GDPR, per non dover ospitare un server nei nostri locali. Il server \u00e8 situato in Germania.<\/p><p>Ulteriori informazioni sulle possibilit\u00e0 di opposizione e di rimozione nei confronti di Ionos sono disponibili qui: <a href=\"https:\/\/www.ionos.com\/\">https:\/\/www.ionos.com\/<\/a><\/p><p><\/p>\t\t\t\t\t\t\t\t<\/div>\n\t\t\t\t<\/div>\n\t\t\t\t\t<\/div>\n\t\t\t\t<\/div>\n\t\t\t\t<\/div>\n\t\t","protected":false},"excerpt":{"rendered":"<p>Protezione dei dati Dichiarazione di non responsabilit\u00e0 1. Responsabilit\u00e0 per i contenuti I gestori del sito si impegnano a creare i contenuti delle nostre pagine con la massima cura e a renderli sempre attuali e corretti. Tuttavia, non forniamo alcuna garanzia per l&#8217;attualit\u00e0, la correttezza, la completezza o la qualit\u00e0 delle informazioni fornite. Le richieste [&hellip;]<\/p>\n","protected":false},"author":2,"featured_media":0,"parent":0,"menu_order":0,"comment_status":"closed","ping_status":"closed","template":"","meta":{"footnotes":""},"class_list":["post-1218","page","type-page","status-publish","hentry"],"yoast_head":"<!-- This site is optimized with the Yoast SEO plugin v25.0 - https:\/\/yoast.com\/wordpress\/plugins\/seo\/ -->\n<title>Protezione dei dati - 0708.UNO<\/title>\n<meta name=\"robots\" content=\"index, follow, max-snippet:-1, max-image-preview:large, max-video-preview:-1\" \/>\n<link rel=\"canonical\" href=\"https:\/\/0708.uno\/it\/protezione-dei-dati\/\" \/>\n<meta property=\"og:locale\" content=\"it_IT\" \/>\n<meta property=\"og:type\" content=\"article\" \/>\n<meta property=\"og:title\" content=\"Protezione dei dati - 0708.UNO\" \/>\n<meta property=\"og:description\" content=\"Protezione dei dati Dichiarazione di non responsabilit\u00e0 1. Responsabilit\u00e0 per i contenuti I gestori del sito si impegnano a creare i contenuti delle nostre pagine con la massima cura e a renderli sempre attuali e corretti. Tuttavia, non forniamo alcuna garanzia per l&#8217;attualit\u00e0, la correttezza, la completezza o la qualit\u00e0 delle informazioni fornite. Le richieste [&hellip;]\" \/>\n<meta property=\"og:url\" content=\"https:\/\/0708.uno\/it\/protezione-dei-dati\/\" \/>\n<meta property=\"og:site_name\" content=\"0708.UNO\" \/>\n<meta property=\"article:modified_time\" content=\"2024-10-24T13:36:53+00:00\" \/>\n<meta name=\"twitter:card\" content=\"summary_large_image\" \/>\n<meta name=\"twitter:label1\" content=\"Tempo di lettura stimato\" \/>\n\t<meta name=\"twitter:data1\" content=\"9 minuti\" \/>\n<script type=\"application\/ld+json\" class=\"yoast-schema-graph\">{\"@context\":\"https:\/\/schema.org\",\"@graph\":[{\"@type\":\"WebPage\",\"@id\":\"https:\/\/0708.uno\/it\/protezione-dei-dati\/\",\"url\":\"https:\/\/0708.uno\/it\/protezione-dei-dati\/\",\"name\":\"Protezione dei dati - 0708.UNO\",\"isPartOf\":{\"@id\":\"https:\/\/0708.uno\/it\/#website\"},\"datePublished\":\"2024-10-24T13:11:22+00:00\",\"dateModified\":\"2024-10-24T13:36:53+00:00\",\"breadcrumb\":{\"@id\":\"https:\/\/0708.uno\/it\/protezione-dei-dati\/#breadcrumb\"},\"inLanguage\":\"it-IT\",\"potentialAction\":[{\"@type\":\"ReadAction\",\"target\":[\"https:\/\/0708.uno\/it\/protezione-dei-dati\/\"]}]},{\"@type\":\"BreadcrumbList\",\"@id\":\"https:\/\/0708.uno\/it\/protezione-dei-dati\/#breadcrumb\",\"itemListElement\":[{\"@type\":\"ListItem\",\"position\":1,\"name\":\"Home\",\"item\":\"https:\/\/0708.uno\/it\/\"},{\"@type\":\"ListItem\",\"position\":2,\"name\":\"Protezione dei dati\"}]},{\"@type\":\"WebSite\",\"@id\":\"https:\/\/0708.uno\/it\/#website\",\"url\":\"https:\/\/0708.uno\/it\/\",\"name\":\"0708.UNO\",\"description\":\"\",\"publisher\":{\"@id\":\"https:\/\/0708.uno\/it\/#organization\"},\"potentialAction\":[{\"@type\":\"SearchAction\",\"target\":{\"@type\":\"EntryPoint\",\"urlTemplate\":\"https:\/\/0708.uno\/it\/?s={search_term_string}\"},\"query-input\":{\"@type\":\"PropertyValueSpecification\",\"valueRequired\":true,\"valueName\":\"search_term_string\"}}],\"inLanguage\":\"it-IT\"},{\"@type\":\"Organization\",\"@id\":\"https:\/\/0708.uno\/it\/#organization\",\"name\":\"0708.UNO\",\"url\":\"https:\/\/0708.uno\/it\/\",\"logo\":{\"@type\":\"ImageObject\",\"inLanguage\":\"it-IT\",\"@id\":\"https:\/\/0708.uno\/it\/#\/schema\/logo\/image\/\",\"url\":\"https:\/\/0708.uno\/wp-content\/uploads\/2024\/09\/0708.UNO_.png\",\"contentUrl\":\"https:\/\/0708.uno\/wp-content\/uploads\/2024\/09\/0708.UNO_.png\",\"width\":149,\"height\":24,\"caption\":\"0708.UNO\"},\"image\":{\"@id\":\"https:\/\/0708.uno\/it\/#\/schema\/logo\/image\/\"}}]}<\/script>\n<!-- \/ Yoast SEO plugin. -->","yoast_head_json":{"title":"Protezione dei dati - 0708.UNO","robots":{"index":"index","follow":"follow","max-snippet":"max-snippet:-1","max-image-preview":"max-image-preview:large","max-video-preview":"max-video-preview:-1"},"canonical":"https:\/\/0708.uno\/it\/protezione-dei-dati\/","og_locale":"it_IT","og_type":"article","og_title":"Protezione dei dati - 0708.UNO","og_description":"Protezione dei dati Dichiarazione di non responsabilit\u00e0 1. Responsabilit\u00e0 per i contenuti I gestori del sito si impegnano a creare i contenuti delle nostre pagine con la massima cura e a renderli sempre attuali e corretti. Tuttavia, non forniamo alcuna garanzia per l&#8217;attualit\u00e0, la correttezza, la completezza o la qualit\u00e0 delle informazioni fornite. Le richieste [&hellip;]","og_url":"https:\/\/0708.uno\/it\/protezione-dei-dati\/","og_site_name":"0708.UNO","article_modified_time":"2024-10-24T13:36:53+00:00","twitter_card":"summary_large_image","twitter_misc":{"Tempo di lettura stimato":"9 minuti"},"schema":{"@context":"https:\/\/schema.org","@graph":[{"@type":"WebPage","@id":"https:\/\/0708.uno\/it\/protezione-dei-dati\/","url":"https:\/\/0708.uno\/it\/protezione-dei-dati\/","name":"Protezione dei dati - 0708.UNO","isPartOf":{"@id":"https:\/\/0708.uno\/it\/#website"},"datePublished":"2024-10-24T13:11:22+00:00","dateModified":"2024-10-24T13:36:53+00:00","breadcrumb":{"@id":"https:\/\/0708.uno\/it\/protezione-dei-dati\/#breadcrumb"},"inLanguage":"it-IT","potentialAction":[{"@type":"ReadAction","target":["https:\/\/0708.uno\/it\/protezione-dei-dati\/"]}]},{"@type":"BreadcrumbList","@id":"https:\/\/0708.uno\/it\/protezione-dei-dati\/#breadcrumb","itemListElement":[{"@type":"ListItem","position":1,"name":"Home","item":"https:\/\/0708.uno\/it\/"},{"@type":"ListItem","position":2,"name":"Protezione dei dati"}]},{"@type":"WebSite","@id":"https:\/\/0708.uno\/it\/#website","url":"https:\/\/0708.uno\/it\/","name":"0708.UNO","description":"","publisher":{"@id":"https:\/\/0708.uno\/it\/#organization"},"potentialAction":[{"@type":"SearchAction","target":{"@type":"EntryPoint","urlTemplate":"https:\/\/0708.uno\/it\/?s={search_term_string}"},"query-input":{"@type":"PropertyValueSpecification","valueRequired":true,"valueName":"search_term_string"}}],"inLanguage":"it-IT"},{"@type":"Organization","@id":"https:\/\/0708.uno\/it\/#organization","name":"0708.UNO","url":"https:\/\/0708.uno\/it\/","logo":{"@type":"ImageObject","inLanguage":"it-IT","@id":"https:\/\/0708.uno\/it\/#\/schema\/logo\/image\/","url":"https:\/\/0708.uno\/wp-content\/uploads\/2024\/09\/0708.UNO_.png","contentUrl":"https:\/\/0708.uno\/wp-content\/uploads\/2024\/09\/0708.UNO_.png","width":149,"height":24,"caption":"0708.UNO"},"image":{"@id":"https:\/\/0708.uno\/it\/#\/schema\/logo\/image\/"}}]}},"_links":{"self":[{"href":"https:\/\/0708.uno\/it\/wp-json\/wp\/v2\/pages\/1218"}],"collection":[{"href":"https:\/\/0708.uno\/it\/wp-json\/wp\/v2\/pages"}],"about":[{"href":"https:\/\/0708.uno\/it\/wp-json\/wp\/v2\/types\/page"}],"author":[{"embeddable":true,"href":"https:\/\/0708.uno\/it\/wp-json\/wp\/v2\/users\/2"}],"replies":[{"embeddable":true,"href":"https:\/\/0708.uno\/it\/wp-json\/wp\/v2\/comments?post=1218"}],"version-history":[{"count":5,"href":"https:\/\/0708.uno\/it\/wp-json\/wp\/v2\/pages\/1218\/revisions"}],"predecessor-version":[{"id":1225,"href":"https:\/\/0708.uno\/it\/wp-json\/wp\/v2\/pages\/1218\/revisions\/1225"}],"wp:attachment":[{"href":"https:\/\/0708.uno\/it\/wp-json\/wp\/v2\/media?parent=1218"}],"curies":[{"name":"wp","href":"https:\/\/api.w.org\/{rel}","templated":true}]}}