{"id":1226,"date":"2024-10-15T08:38:28","date_gmt":"2024-10-15T08:38:28","guid":{"rendered":"https:\/\/0708.uno\/protezione-dei-dati-2\/"},"modified":"2024-10-31T13:30:58","modified_gmt":"2024-10-31T13:30:58","slug":"protezione-dei-dati-2","status":"publish","type":"page","link":"https:\/\/0708.uno\/it\/protezione-dei-dati-2\/","title":{"rendered":"Privacy"},"content":{"rendered":"\t\t<div data-elementor-type=\"wp-page\" data-elementor-id=\"1226\" class=\"elementor elementor-1226 elementor-1063\" data-elementor-post-type=\"page\">\n\t\t\t\t<div class=\"elementor-element elementor-element-af58b0b e-flex e-con-boxed e-con e-parent\" data-id=\"af58b0b\" data-element_type=\"container\" data-e-type=\"container\">\n\t\t\t\t\t<div class=\"e-con-inner\">\n\t\t\t\t<div class=\"elementor-element elementor-element-6fa0692 elementor-widget elementor-widget-heading\" data-id=\"6fa0692\" data-element_type=\"widget\" data-e-type=\"widget\" data-widget_type=\"heading.default\">\n\t\t\t\t<div class=\"elementor-widget-container\">\n\t\t\t\t\t<h1 class=\"elementor-heading-title elementor-size-default\">Protezione dei dati<\/h1>\t\t\t\t<\/div>\n\t\t\t\t<\/div>\n\t\t\t\t\t<\/div>\n\t\t\t\t<\/div>\n\t\t<div class=\"elementor-element elementor-element-dfbb18c e-flex e-con-boxed e-con e-parent\" data-id=\"dfbb18c\" data-element_type=\"container\" data-e-type=\"container\">\n\t\t\t\t\t<div class=\"e-con-inner\">\n\t\t\t\t<div class=\"elementor-element elementor-element-f8a66ae elementor-widget elementor-widget-text-editor\" data-id=\"f8a66ae\" data-element_type=\"widget\" data-e-type=\"widget\" data-widget_type=\"text-editor.default\">\n\t\t\t\t<div class=\"elementor-widget-container\">\n\t\t\t\t\t\t\t\t\t<h3>Dichiarazione di non responsabilit\u00e0<\/h3><p><strong>1. Responsabilit\u00e0 per i contenuti<\/strong><\/p><p>I gestori del sito si impegnano a creare i contenuti delle nostre pagine con la massima cura e a renderli sempre attuali e corretti. Tuttavia, non forniamo alcuna garanzia per l&#8217;attualit\u00e0, la correttezza, la completezza o la qualit\u00e0 delle informazioni fornite. Le richieste di risarcimento danni nei confronti dei gestori del sito, relative a danni materiali o morali derivanti dall&#8217;uso o dal mancato uso delle informazioni offerte o dall&#8217;uso di informazioni errate o incomplete, sono escluse, a meno che non vi sia una comprovata colpa intenzionale o grave negligenza da parte nostra. Tutte le offerte sono non vincolanti e soggette a modifiche. Ci riserviamo espressamente il diritto di modificare, integrare o eliminare parti delle pagine o l&#8217;intera offerta senza preavviso, o di interrompere la pubblicazione temporaneamente o definitivamente.<\/p><p>\u00a0<\/p><p><strong>2. Responsabilit\u00e0 per i link<\/strong><\/p><p>Se ci sono riferimenti diretti o indiretti a collegamenti (&#8220;link&#8221;) che si trovano al di fuori della responsabilit\u00e0 dei gestori del sito, saremo responsabili solo nel caso in cui fossimo a conoscenza dei contenuti e fosse tecnicamente possibile e ragionevole impedirne l&#8217;uso in caso di contenuti illegali. Per tutti i contenuti oltre a quelli collegati e, in particolare, per i danni derivanti dall&#8217;uso o dal mancato uso di tali informazioni, \u00e8 responsabile esclusivamente il fornitore di tali pagine, non chi si limita a fare riferimento tramite link.<\/p><p>\u00a0<\/p><p><strong>3.Informazione sulla risoluzione delle controversie per i consumatori<\/strong><\/p><p>Gli operatori del sito non sono disposti n\u00e9 obbligati a partecipare a procedure di risoluzione delle controversie davanti a un collegio arbitrale dei consumatori. La Commissione Europea mette a disposizione una piattaforma per la risoluzione delle controversie online (OS), a cui puoi accedere all&#8217;indirizzo <a href=\"http:\/\/webgate.ec.europa.eu\/\"><strong>webgate.ec.europa.eu<\/strong><\/a> .<\/p><p>\u00a0<\/p><p><strong>4. Copyright<\/strong><\/p><p>I gestori del sito web si impegnano a rispettare i diritti d&#8217;autore dei grafici, dei suoni e dei testi utilizzati in tutte le pubblicazioni, a utilizzare grafici, suoni e testi creati da noi stessi o a utilizzare grafici, suoni e testi privi di licenza. Nel caso in cui, tuttavia, nelle rispettive pagine siano presenti grafiche, suoni o testi non etichettati e protetti da diritti d&#8217;autore di terzi, il copyright non pu\u00f2 essere da noi determinato. In caso di violazione involontaria del diritto d&#8217;autore, i gestori del sito web rimuoveranno l&#8217;oggetto in questione dalla loro pubblicazione dopo averne ricevuto notifica o lo contrassegneranno con il relativo copyright. Il diritto d&#8217;autore per gli oggetti pubblicati creati da noi rimane esclusivamente ai gestori del sito web. La riproduzione o l&#8217;utilizzo di tali grafici, suoni o testi in altre pubblicazioni elettroniche o stampate non \u00e8 consentita senza il nostro esplicito consenso.<\/p><p>\u00a0<\/p><p><strong>5. Validit\u00e0 legale del presente disclaimer<\/strong><\/p><p>La presente dichiarazione di non responsabilit\u00e0 deve essere considerata parte integrante della pubblicazione internet da cui siete stati indirizzati. Se sezioni o singoli termini di questa dichiarazione non sono legali o corretti, il contenuto o la validit\u00e0 delle altre parti non sono influenzati da questo fatto.<\/p><p>\u00a0<\/p><h2>Normativa sulla protezione dei dati<\/h2><p>I vostri dati sono un bene prezioso. Per questo motivo li trattiamo con cura e memorizziamo solo ci\u00f2 che \u00e8 rilevante e autorizzato per noi. In linea di principio, avete diritto all&#8217;informazione, alla correzione, alla cancellazione, alla limitazione, alla portabilit\u00e0 dei dati e all&#8217;opposizione.<\/p><p>\u00a0<\/p><p>Se ritieni che il trattamento dei tuoi dati da parte di 0708.uno violi la legge sulla protezione dei dati o che i tuoi diritti di protezione dei dati siano stati in qualche modo violati, puoi presentare un reclamo all&#8217;autorit\u00e0 di vigilanza. In Austria, l&#8217; <a href=\"https:\/\/www.dsb.gv.at\/\"><strong>autorit\u00e0 per la protezione dei dati<\/strong><\/a> \u00e8 responsabile. Se trattiamo i tuoi dati sulla base del tuo consenso (ad esempio nel caso della conservazione dei dati per future opportunit\u00e0 di lavoro), puoi revocare il tuo consenso in qualsiasi momento semplicemente inviandoci un&#8217;e-mail. Il trattamento rimane lecito fino alla revoca del consenso.<\/p><p>\u00a0<\/p><p><strong>1. Raccolta dei dati<\/strong><\/p><p>Quando accedete al nostro sito web, raccogliamo automaticamente dati di carattere generale. Questi dati (file di log del server) comprendono, ad esempio, il tipo di browser utilizzato, il nome del dominio del provider di servizi Internet e altri dati generali simili. Questi dati servono a visualizzare correttamente le pagine web e vengono recuperati a ogni utilizzo di Internet. I dati vengono analizzati statisticamente al fine di migliorare il servizio offerto all&#8217;utente.<\/p><p>\u00a0<\/p><p><strong>Trattiamo questi dati personali:<\/strong><\/p><ul><li>Cookies<\/li><li>Dati di contatto nelle transazioni commerciali<\/li><li>File di log del server<\/li><\/ul><p>\u00a0<\/p><p><strong>2. Cookies<\/strong><\/p><p>Il nostro sito web utilizza i \u201ccookie\u201d. I cookie sono file di testo che vengono trasferiti dal server di un sito web al vostro computer. Vengono trasferiti alcuni dati come l&#8217;indirizzo IP, il browser e la connessione a Internet. I cookie non avviano programmi e non trasmettono virus. Le informazioni raccolte dai cookie vengono utilizzate per facilitare la navigazione e ottimizzare la visualizzazione dei nostri siti web. I dati da noi raccolti non saranno mai trasmessi a terzi o collegati a dati personali senza il vostro consenso. L&#8217;uso dei cookie pu\u00f2 essere impedito tramite le impostazioni del vostro browser. Le informazioni su come modificare queste impostazioni sono riportate nelle spiegazioni del vostro browser Internet. Alcune funzioni del nostro sito web potrebbero non funzionare correttamente se l&#8217;uso dei cookie viene disattivato. Qui troverete le istruzioni su come cancellare i cookie per i browser web pi\u00f9 comuni:<\/p><ul><li><a href=\"https:\/\/support.google.com\/accounts\/answer\/32050?hl=de%3C\"><strong>Google Chrome<\/strong><\/a><\/li><li><a href=\"https:\/\/support.microsoft.com\/de-de\/windows\/l%C3%B6schen-und-verwalten-von-cookies-168dab11-0753-043d-7c16-ede5947fc64d\"><strong>Windows Internet Explorer<\/strong><\/a><\/li><li><a href=\"https:\/\/support.mozilla.org\/de\/kb\/cookies-und-website-daten-in-firefox-loschen?redirectslug=cookies-loeschen-daten-von-websites-entfernen&amp;redirectlocale=de\"><strong>Firefox<\/strong><\/a><\/li><li><a href=\"https:\/\/support.apple.com\/de-at\/guide\/safari\/sfri11471\/mac\"><strong>Safari<\/strong><\/a><\/li><\/ul><p>\u00a0<\/p><p><strong>BLOCCARE I COOKIE<\/strong><\/p><p>Per evitare che i cookie vengano impostati dai fornitori di pubblicit\u00e0, potete anche bloccare i cookie di terze parti nel vostro browser. Qui troverete le istruzioni per i browser pi\u00f9 comuni:<\/p><ul><li><a href=\"https:\/\/support.mozilla.org\/de\/kb\/drittanbieter-cookies-schutz-aktivitatenverfolgung?redirectslug=Cookies-von-Drittanbietern-blockieren&amp;redirectlocale=de\"><strong>Firefox<\/strong><\/a><\/li><li><a href=\"https:\/\/support.google.com\/chrome\/answer\/95647?hl=de\"><strong>Chrome<\/strong><\/a><\/li><li><a href=\"https:\/\/support.microsoft.com\/de-de\/windows\/l%C3%B6schen-und-verwalten-von-cookies-168dab11-0753-043d-7c16-ede5947fc64d\"><strong>Internet Explorer<\/strong><\/a><\/li><\/ul><p>I cookie di terze parti sono bloccati per impostazione predefinita in Safari di Apple.<\/p><p>\u00a0<\/p><p>Le istruzioni su come bloccare completamente i cookie nel browser o per determinati siti web sono disponibili qui:<\/p><ul><li><a href=\"https:\/\/support.mozilla.org\/de\/kb\/Cookies-blockieren#w_cookies-einer-einzelnen-website-blockieren\"><strong>Firefox<\/strong><\/a><\/li><li><a href=\"https:\/\/support.google.com\/chrome\/answer\/95647?co=GENIE.Platform%3DDesktop&amp;hl=de\"><strong>Chrome<\/strong><\/a><\/li><li><a href=\"https:\/\/support.microsoft.com\/de-de\/windows\/l%C3%B6schen-und-verwalten-von-cookies-168dab11-0753-043d-7c16-ede5947fc64d\"><strong>Internet Explorer<\/strong><\/a><\/li><li><a href=\"https:\/\/support.apple.com\/de-at\/105082\"><strong>Safari<\/strong><\/a><\/li><\/ul><p>\u00a0<\/p><p>Importante: se cancellate o bloccate i cookie, potreste non essere in grado di utilizzare tutte le funzioni dei siti web (ad esempio, le preferenze e le impostazioni della lingua).<\/p><p>\u00a0<\/p><p>Si noti inoltre che bloccando completamente i cookie, il \u201cbanner dei cookie\u201d apparir\u00e0 ogni volta che si visita il sito e non scomparir\u00e0 definitivamente nemmeno se si clicca su \u201cAccetta\u201d, in quanto il cookie necessario a questo scopo non potr\u00e0 essere impostato.<\/p><p>\u00a0<\/p><p>Le seguenti applicazioni che utilizzano i cookie sono utilizzate sul nostro sito web 0708.UNO:<\/p><p>\u00a0<\/p><p><strong>3. Google Analytics<\/strong><\/p><p>Questo sito web utilizza Google Analytics, un servizio di analisi web fornito da Google Inc (\u201cGoogle\u201d). Google Analytics utilizza i cosiddetti \u201ccookie\u201d, file di testo che vengono depositati sul vostro computer per consentire al sito web di analizzare come gli utenti utilizzano il sito. Le informazioni generate dal cookie sull&#8217;utilizzo del sito web da parte dell&#8217;utente vengono solitamente trasmesse a un server di Google negli Stati Uniti e l\u00ec memorizzate.<\/p><p>\u00a0<\/p><p>Tuttavia, se l&#8217;anonimizzazione dell&#8217;IP \u00e8 attivata su questo sito web, il vostro indirizzo IP verr\u00e0 prima troncato da Google all&#8217;interno degli Stati membri dell&#8217;Unione Europea o in altri Stati firmatari dell&#8217;Accordo sullo Spazio Economico Europeo. Solo in casi eccezionali l&#8217;indirizzo IP completo verr\u00e0 trasmesso a un server di Google negli USA e l\u00ec troncato. Per conto del gestore di questo sito web, Google utilizzer\u00e0 queste informazioni per analizzare l&#8217;utilizzo del sito web da parte degli utenti, per redigere rapporti sulle attivit\u00e0 del sito web e per fornire al gestore del sito web altri servizi relativi alle attivit\u00e0 del sito web e all&#8217;utilizzo di Internet.<\/p><p>\u00a0<\/p><p>L&#8217;indirizzo IP trasmesso dal vostro browser nell&#8217;ambito di Google Analytics non verr\u00e0 unito ad altri dati di Google. Potete rifiutarvi di usare i cookie selezionando l&#8217;impostazione appropriata sul vostro browser, ma vi ricordiamo che in tal caso potreste non essere in grado di utilizzare tutte le funzionalit\u00e0 di questo sito web.<\/p><p>\u00a0<\/p><p>Puoi anche impedire a Google di raccogliere i dati generati dal cookie e relativi al tuo utilizzo del sito web (compreso il tuo indirizzo IP) e di elaborare questi dati da parte di Google scaricando e installando il plug-in del browser disponibile al seguente link: <a href=\"http:\/\/tools.google.com\/dlpage\/gaoptout?hl=de**\">**http:\/\/tools.google.com\/dlpage\/gaoptout?hl=de**<\/a>. Utilizzando il presente sito web, l&#8217;utente acconsente al trattamento dei propri dati da parte di Google per le modalit\u00e0 e i fini sopraindicati.<\/p><p>\u00a0<\/p><p>Base giuridica: interesse legittimo &#8211; L&#8217;analisi delle statistiche di visita del nostro sito web serve a ottimizzare l&#8217;offerta di contenuti per i nostri visitatori. Utilizziamo Google Analytics per misurare quali contenuti del nostro sito web vengono visitati e per quanto tempo, da quali paesi e citt\u00e0 provengono gli utenti e quali dispositivi e browser (ad esempio iPhone, Android, Firefox, Chrome) utilizzano per accedere al sito. Si tratta di informazioni preziose per noi, che possiamo cos\u00ec capire quali sono i contenuti pi\u00f9 apprezzati e quali sono i dispositivi e i browser preferiti per utilizzare il nostro sito web.<\/p><p>\u00a0<\/p><p>Periodi di cancellazione: i cookie impostati tramite Google Analytics vengono solitamente memorizzati in modo permanente.<\/p><p>\u00a0<\/p><p>Destinatario: Le informazioni generate dal cookie sull&#8217;utilizzo di questo sito web da parte dell&#8217;utente vengono solitamente trasferite a un server di Google negli Stati Uniti e l\u00ec memorizzate. Abbiamo attivato l&#8217;anonimizzazione dell&#8217;IP di Google Analytics. Ci\u00f2 significa che il tuo indirizzo IP verr\u00e0 troncato da Google negli Stati membri dell&#8217;Unione Europea o in altri Stati firmatari dell&#8217;Accordo sullo Spazio Economico Europeo prima di essere trasmesso agli Stati Uniti. Solo in casi eccezionali l&#8217;indirizzo IP completo verr\u00e0 trasmesso a un server di Google negli Stati Uniti e l\u00ec troncato.<\/p><p>\u00a0<\/p><p>Ulteriori informazioni sulle condizioni d&#8217;uso e sulla protezione dei dati sono disponibili su <a href=\"http:\/\/www.google.com\/analytics\/terms\/de.html**\">**http:\/\/www.google.com\/analytics\/terms\/de.html**<\/a> e <a href=\"http:\/\/www.google.com\/intl\/de\/analytics\/privacyoverview.html**\">**http:\/\/www.google.com\/intl\/de\/analytics\/privacyoverview.html**<\/a>.<\/p><p>\u00a0<\/p><p><strong>4. WordPress<\/strong><\/p><p>Il nostro sistema di gestione dei contenuti imposta i cosiddetti cookie di sessione, che vengono cancellati al termine della sessione del browser. Servono come una sorta di memoria a breve termine per il sito, in modo che tu possa navigare avanti e indietro.<\/p><p>\u00a0<\/p><p>Base giuridica: i cookie di sessione sono necessari per fornire il servizio (visitare il sito web).<\/p><p>\u00a0<\/p><p>Periodi di cancellazione: i cookie di sessione vengono impostati solo per la durata della visita al sito web e vengono cancellati immediatamente al termine della sessione del browser.<\/p><p>\u00a0<\/p><p>Destinatario: I cookie sono memorizzati sul nostro server e possono essere visualizzati solo da noi. Le terze parti non hanno accesso ai cookie. Opzione Opt-out: se non desideri accettare i cookie sul tuo browser, puoi cancellare i cookie gi\u00e0 impostati in qualsiasi momento e impedire l&#8217;inserimento di nuovi cookie direttamente nel tuo browser.<\/p><p>\u00a0<\/p><p><strong>Hosting<\/strong><\/p><p>Per la fornitura del nostro sito web utilizziamo il seguente hoster.<\/p><p>\u00a0<\/p><p>Ionos<\/p><p>\u00a0<\/p><p>DE &#8211; 05410 Montabaur<\/p><p>\u00a0<\/p><p>Questo \u00e8 il destinatario dei tuoi dati personali e agisce come incaricato del trattamento per noi. Ci\u00f2 corrisponde al nostro legittimo interesse, ai sensi dell&#8217;art. 6 comma 1 frase 1 lit. f GDPR, a non dover mantenere un server presso la nostra sede. Il server si trova in Germania.<\/p><p>\u00a0<\/p><p>Ulteriori informazioni sulle opzioni di obiezione e rimozione delle raidbox sono disponibili su: <a href=\"https:\/\/www.ionos.com\/\">https:\/\/www.ionos.com\/<\/a><\/p>\t\t\t\t\t\t\t\t<\/div>\n\t\t\t\t<\/div>\n\t\t\t\t\t<\/div>\n\t\t\t\t<\/div>\n\t\t\t\t<\/div>\n\t\t","protected":false},"excerpt":{"rendered":"<p>Protezione dei dati Dichiarazione di non responsabilit\u00e0 1. Responsabilit\u00e0 per i contenuti I gestori del sito si impegnano a creare i contenuti delle nostre pagine con la massima cura e a renderli sempre attuali e corretti. Tuttavia, non forniamo alcuna garanzia per l&#8217;attualit\u00e0, la correttezza, la completezza o la qualit\u00e0 delle informazioni fornite. Le richieste [&hellip;]<\/p>\n","protected":false},"author":2,"featured_media":0,"parent":0,"menu_order":0,"comment_status":"closed","ping_status":"closed","template":"","meta":{"footnotes":""},"class_list":["post-1226","page","type-page","status-publish","hentry"],"yoast_head":"<!-- This site is optimized with the Yoast SEO plugin v25.0 - https:\/\/yoast.com\/wordpress\/plugins\/seo\/ -->\n<title>Privacy - 0708.UNO<\/title>\n<meta name=\"robots\" content=\"index, follow, max-snippet:-1, max-image-preview:large, max-video-preview:-1\" \/>\n<link rel=\"canonical\" href=\"https:\/\/0708.uno\/it\/protezione-dei-dati-2\/\" \/>\n<meta property=\"og:locale\" content=\"it_IT\" \/>\n<meta property=\"og:type\" content=\"article\" \/>\n<meta property=\"og:title\" content=\"Privacy - 0708.UNO\" \/>\n<meta property=\"og:description\" content=\"Protezione dei dati Dichiarazione di non responsabilit\u00e0 1. Responsabilit\u00e0 per i contenuti I gestori del sito si impegnano a creare i contenuti delle nostre pagine con la massima cura e a renderli sempre attuali e corretti. Tuttavia, non forniamo alcuna garanzia per l&#8217;attualit\u00e0, la correttezza, la completezza o la qualit\u00e0 delle informazioni fornite. Le richieste [&hellip;]\" \/>\n<meta property=\"og:url\" content=\"https:\/\/0708.uno\/it\/protezione-dei-dati-2\/\" \/>\n<meta property=\"og:site_name\" content=\"0708.UNO\" \/>\n<meta property=\"article:modified_time\" content=\"2024-10-31T13:30:58+00:00\" \/>\n<meta name=\"twitter:card\" content=\"summary_large_image\" \/>\n<meta name=\"twitter:label1\" content=\"Tempo di lettura stimato\" \/>\n\t<meta name=\"twitter:data1\" content=\"10 minuti\" \/>\n<script type=\"application\/ld+json\" class=\"yoast-schema-graph\">{\"@context\":\"https:\/\/schema.org\",\"@graph\":[{\"@type\":\"WebPage\",\"@id\":\"https:\/\/0708.uno\/it\/protezione-dei-dati-2\/\",\"url\":\"https:\/\/0708.uno\/it\/protezione-dei-dati-2\/\",\"name\":\"Privacy - 0708.UNO\",\"isPartOf\":{\"@id\":\"https:\/\/0708.uno\/it\/#website\"},\"datePublished\":\"2024-10-15T08:38:28+00:00\",\"dateModified\":\"2024-10-31T13:30:58+00:00\",\"breadcrumb\":{\"@id\":\"https:\/\/0708.uno\/it\/protezione-dei-dati-2\/#breadcrumb\"},\"inLanguage\":\"it-IT\",\"potentialAction\":[{\"@type\":\"ReadAction\",\"target\":[\"https:\/\/0708.uno\/it\/protezione-dei-dati-2\/\"]}]},{\"@type\":\"BreadcrumbList\",\"@id\":\"https:\/\/0708.uno\/it\/protezione-dei-dati-2\/#breadcrumb\",\"itemListElement\":[{\"@type\":\"ListItem\",\"position\":1,\"name\":\"Home\",\"item\":\"https:\/\/0708.uno\/it\/\"},{\"@type\":\"ListItem\",\"position\":2,\"name\":\"Privacy\"}]},{\"@type\":\"WebSite\",\"@id\":\"https:\/\/0708.uno\/it\/#website\",\"url\":\"https:\/\/0708.uno\/it\/\",\"name\":\"0708.UNO\",\"description\":\"\",\"publisher\":{\"@id\":\"https:\/\/0708.uno\/it\/#organization\"},\"potentialAction\":[{\"@type\":\"SearchAction\",\"target\":{\"@type\":\"EntryPoint\",\"urlTemplate\":\"https:\/\/0708.uno\/it\/?s={search_term_string}\"},\"query-input\":{\"@type\":\"PropertyValueSpecification\",\"valueRequired\":true,\"valueName\":\"search_term_string\"}}],\"inLanguage\":\"it-IT\"},{\"@type\":\"Organization\",\"@id\":\"https:\/\/0708.uno\/it\/#organization\",\"name\":\"0708.UNO\",\"url\":\"https:\/\/0708.uno\/it\/\",\"logo\":{\"@type\":\"ImageObject\",\"inLanguage\":\"it-IT\",\"@id\":\"https:\/\/0708.uno\/it\/#\/schema\/logo\/image\/\",\"url\":\"https:\/\/0708.uno\/wp-content\/uploads\/2024\/09\/0708.UNO_.png\",\"contentUrl\":\"https:\/\/0708.uno\/wp-content\/uploads\/2024\/09\/0708.UNO_.png\",\"width\":149,\"height\":24,\"caption\":\"0708.UNO\"},\"image\":{\"@id\":\"https:\/\/0708.uno\/it\/#\/schema\/logo\/image\/\"}}]}<\/script>\n<!-- \/ Yoast SEO plugin. -->","yoast_head_json":{"title":"Privacy - 0708.UNO","robots":{"index":"index","follow":"follow","max-snippet":"max-snippet:-1","max-image-preview":"max-image-preview:large","max-video-preview":"max-video-preview:-1"},"canonical":"https:\/\/0708.uno\/it\/protezione-dei-dati-2\/","og_locale":"it_IT","og_type":"article","og_title":"Privacy - 0708.UNO","og_description":"Protezione dei dati Dichiarazione di non responsabilit\u00e0 1. Responsabilit\u00e0 per i contenuti I gestori del sito si impegnano a creare i contenuti delle nostre pagine con la massima cura e a renderli sempre attuali e corretti. Tuttavia, non forniamo alcuna garanzia per l&#8217;attualit\u00e0, la correttezza, la completezza o la qualit\u00e0 delle informazioni fornite. Le richieste [&hellip;]","og_url":"https:\/\/0708.uno\/it\/protezione-dei-dati-2\/","og_site_name":"0708.UNO","article_modified_time":"2024-10-31T13:30:58+00:00","twitter_card":"summary_large_image","twitter_misc":{"Tempo di lettura stimato":"10 minuti"},"schema":{"@context":"https:\/\/schema.org","@graph":[{"@type":"WebPage","@id":"https:\/\/0708.uno\/it\/protezione-dei-dati-2\/","url":"https:\/\/0708.uno\/it\/protezione-dei-dati-2\/","name":"Privacy - 0708.UNO","isPartOf":{"@id":"https:\/\/0708.uno\/it\/#website"},"datePublished":"2024-10-15T08:38:28+00:00","dateModified":"2024-10-31T13:30:58+00:00","breadcrumb":{"@id":"https:\/\/0708.uno\/it\/protezione-dei-dati-2\/#breadcrumb"},"inLanguage":"it-IT","potentialAction":[{"@type":"ReadAction","target":["https:\/\/0708.uno\/it\/protezione-dei-dati-2\/"]}]},{"@type":"BreadcrumbList","@id":"https:\/\/0708.uno\/it\/protezione-dei-dati-2\/#breadcrumb","itemListElement":[{"@type":"ListItem","position":1,"name":"Home","item":"https:\/\/0708.uno\/it\/"},{"@type":"ListItem","position":2,"name":"Privacy"}]},{"@type":"WebSite","@id":"https:\/\/0708.uno\/it\/#website","url":"https:\/\/0708.uno\/it\/","name":"0708.UNO","description":"","publisher":{"@id":"https:\/\/0708.uno\/it\/#organization"},"potentialAction":[{"@type":"SearchAction","target":{"@type":"EntryPoint","urlTemplate":"https:\/\/0708.uno\/it\/?s={search_term_string}"},"query-input":{"@type":"PropertyValueSpecification","valueRequired":true,"valueName":"search_term_string"}}],"inLanguage":"it-IT"},{"@type":"Organization","@id":"https:\/\/0708.uno\/it\/#organization","name":"0708.UNO","url":"https:\/\/0708.uno\/it\/","logo":{"@type":"ImageObject","inLanguage":"it-IT","@id":"https:\/\/0708.uno\/it\/#\/schema\/logo\/image\/","url":"https:\/\/0708.uno\/wp-content\/uploads\/2024\/09\/0708.UNO_.png","contentUrl":"https:\/\/0708.uno\/wp-content\/uploads\/2024\/09\/0708.UNO_.png","width":149,"height":24,"caption":"0708.UNO"},"image":{"@id":"https:\/\/0708.uno\/it\/#\/schema\/logo\/image\/"}}]}},"_links":{"self":[{"href":"https:\/\/0708.uno\/it\/wp-json\/wp\/v2\/pages\/1226"}],"collection":[{"href":"https:\/\/0708.uno\/it\/wp-json\/wp\/v2\/pages"}],"about":[{"href":"https:\/\/0708.uno\/it\/wp-json\/wp\/v2\/types\/page"}],"author":[{"embeddable":true,"href":"https:\/\/0708.uno\/it\/wp-json\/wp\/v2\/users\/2"}],"replies":[{"embeddable":true,"href":"https:\/\/0708.uno\/it\/wp-json\/wp\/v2\/comments?post=1226"}],"version-history":[{"count":14,"href":"https:\/\/0708.uno\/it\/wp-json\/wp\/v2\/pages\/1226\/revisions"}],"predecessor-version":[{"id":1465,"href":"https:\/\/0708.uno\/it\/wp-json\/wp\/v2\/pages\/1226\/revisions\/1465"}],"wp:attachment":[{"href":"https:\/\/0708.uno\/it\/wp-json\/wp\/v2\/media?parent=1226"}],"curies":[{"name":"wp","href":"https:\/\/api.w.org\/{rel}","templated":true}]}}